{"id":99,"date":"2015-04-07T16:07:50","date_gmt":"2015-04-07T16:07:50","guid":{"rendered":"http:\/\/kuhar-jaka.si\/e-shop\/?post_type=product&#038;p=99"},"modified":"2022-12-03T18:45:25","modified_gmt":"2022-12-03T18:45:25","slug":"zacimbna-mesanica-za-svinjino","status":"publish","type":"product","link":"https:\/\/kuhar-jaka.si\/e-shop\/izdelek\/zacimbna-mesanica-za-svinjino","title":{"rendered":"Za\u010dimbna me\u0161anica za svinjino 50g"},"content":{"rendered":"<div id=\"fb-root\"><\/div>\n<p><span style=\"color: #000000;\">Me\u0161anica mo\u010dnih aromati\u010dnih za\u010dimb, ki pomagajo tudi pri presnovi. Posebnost me\u0161anic je tudi v tem, da so primerne za za\u010dinjanje jedi po na\u010delu LCHF \u2013 vsebujejo manj ogljikovih hidratov in hrani dajo polnje\u0161i okus.<strong> Za vas smo pripravili novo pakiranje!<br \/>\n<\/strong><br \/>\n<\/span><\/p>\n<p><strong><span style=\"color: #000000;\">Va\u0161a pe\u010denka bo di\u0161ala vsem sosedom!<\/span><\/strong><\/p>\n","protected":false},"excerpt":{"rendered":"<p><span style=\"color: #000000;\">Ni nedeljskega kosila brez dobre svinjske pe\u010denke. Tudi va\u0161a bo z uporabo te za\u010dimbne me\u0161anice prava pa\u0161a za o\u010di, tudi sosedi jo bodo zavonjali. <\/span><\/p>\n<p><span style=\"color: #000000;\">Ta za\u010dimbna me\u0161anica je zagotovo najbolj\u0161a na trgu. Izjemna sestava daje mesu izjemno aromo in ga obogati. Za peko svinjske vratovine na \u017earu, ji dodajte samo malo gor\u010dice in imeli boste najbolj okusno vratovino na vasi.<\/span><\/p>\n<table width=\"256\">\n<tbody>\n<tr>\n<td width=\"228\">\u00a0<strong>Sestavine:<\/strong><\/td>\n<td width=\"9\"><\/td>\n<td width=\"9\"><\/td>\n<\/tr>\n<tr>\n<td colspan=\"2\" width=\"237\">Morska sol<\/td>\n<td width=\"9\"><\/td>\n<\/tr>\n<tr>\n<td colspan=\"2\" width=\"237\">Mleta kumina<\/td>\n<td width=\"9\"><\/td>\n<\/tr>\n<tr>\n<td colspan=\"2\" width=\"237\">\n<table width=\"256\">\n<tbody>\n<tr>\n<td width=\"237\">Mleti \u010desen<\/td>\n<\/tr>\n<\/tbody>\n<\/table>\n<\/td>\n<td width=\"9\"><\/td>\n<\/tr>\n<tr>\n<td colspan=\"2\" width=\"237\">Mleti majaron<\/td>\n<td width=\"9\"><\/td>\n<\/tr>\n<tr>\n<td colspan=\"2\" width=\"237\">Kajenski poper<\/td>\n<td width=\"9\"><\/td>\n<\/tr>\n<tr>\n<td colspan=\"2\" width=\"237\">Mleti lovor<\/td>\n<td width=\"9\"><\/td>\n<\/tr>\n<tr>\n<td colspan=\"2\" width=\"237\">\u010cebula v prahu<\/p>\n<p>Timijan v prahu<\/td>\n<td width=\"9\"><\/td>\n<\/tr>\n<\/tbody>\n<\/table>\n<p>&nbsp;<\/p>\n<p><span style=\"color: #000000;\">Polnega okusa, enostavno najbolj\u0161a!<\/span><\/p>\n","protected":false},"featured_media":13268,"comment_status":"open","ping_status":"closed","template":"","meta":[],"product_cat":[7],"product_tag":[61,63,12,52,62,245],"class_list":["post-99","product","type-product","status-publish","has-post-thumbnail","hentry","product_cat-izdelki-pr","product_tag-e-trgovina","product_tag-kroznik-okusov","product_tag-kuhar-jaka","product_tag-net-tv","product_tag-spletna-trgovina-kuhar-jaka","product_tag-zacimbe-za-svinjino"],"_links":{"self":[{"href":"https:\/\/kuhar-jaka.si\/e-shop\/wp-json\/wp\/v2\/product\/99","targetHints":{"allow":["GET"]}}],"collection":[{"href":"https:\/\/kuhar-jaka.si\/e-shop\/wp-json\/wp\/v2\/product"}],"about":[{"href":"https:\/\/kuhar-jaka.si\/e-shop\/wp-json\/wp\/v2\/types\/product"}],"replies":[{"embeddable":true,"href":"https:\/\/kuhar-jaka.si\/e-shop\/wp-json\/wp\/v2\/comments?post=99"}],"wp:featuredmedia":[{"embeddable":true,"href":"https:\/\/kuhar-jaka.si\/e-shop\/wp-json\/wp\/v2\/media\/13268"}],"wp:attachment":[{"href":"https:\/\/kuhar-jaka.si\/e-shop\/wp-json\/wp\/v2\/media?parent=99"}],"wp:term":[{"taxonomy":"product_cat","embeddable":true,"href":"https:\/\/kuhar-jaka.si\/e-shop\/wp-json\/wp\/v2\/product_cat?post=99"},{"taxonomy":"product_tag","embeddable":true,"href":"https:\/\/kuhar-jaka.si\/e-shop\/wp-json\/wp\/v2\/product_tag?post=99"}],"curies":[{"name":"wp","href":"https:\/\/api.w.org\/{rel}","templated":true}]}}