{"id":98,"date":"2015-04-07T16:00:28","date_gmt":"2015-04-07T16:00:28","guid":{"rendered":"http:\/\/kuhar-jaka.si\/e-shop\/?post_type=product&#038;p=98"},"modified":"2022-12-03T18:45:25","modified_gmt":"2022-12-03T18:45:25","slug":"zacimbna-mesanica-za-perutnino","status":"publish","type":"product","link":"https:\/\/kuhar-jaka.si\/e-shop\/izdelek\/zacimbna-mesanica-za-perutnino","title":{"rendered":"Za\u010dimbna me\u0161anica za perutnino 60g"},"content":{"rendered":"<div id=\"fb-root\"><\/div>\n<p style=\"text-align: justify;\"><span style=\"color: #000000;\">Naj bo va\u0161 pi\u0161\u010danec nekaj posebnega!<\/span><\/p>\n<p style=\"text-align: justify;\"><span style=\"color: #000000;\">Izjemno aromati\u010dna me\u0161anica za\u010dimb tako za peko perutnine v kosu kot tudi za za\u010dinjanje zrezkov in mesa za \u017ear. Posebnost me\u0161anic je tudi v tem, da so primerne za za\u010dinjanje jedi po na\u010delu LCHF \u2013 vsebujejo manj ogljikovih hidratov in hrani dajo polnje\u0161i okus.<strong><br \/>\n<\/strong><\/span><\/p>\n<p><strong>Sedaj v prenovljeni podobi in pakiranju!<\/strong><\/p>\n","protected":false},"excerpt":{"rendered":"<p style=\"text-align: justify;\"><span style=\"color: #000000;\">Za\u010dimbna me\u0161anica za perutnino je posebna me\u0161anica, ki sem jo razvil pri svojem delu s perutnino. Kurkuma in kajenski poper dasta tej me\u0161anici izjemno mo\u010d in okus ter \u010dudovito barvo.<\/span><\/p>\n<p style=\"text-align: justify;\"><span style=\"color: #000000;\">\u010cesen in ro\u017emarin pa dopolnita okus perutnine.<\/span><\/p>\n<p style=\"text-align: justify;\"><span style=\"color: #000000;\">Za\u010dimbna me\u0161anica, ki vas ne bo nikoli pustila na cedilu, vedno boste v sredi\u0161\u010du pozornosti tako s petuni\u010dkami na \u017earu kot tudi s pe\u010denim pi\u0161\u010dancem.<\/span><\/p>\n<table width=\"256\">\n<tbody>\n<tr>\n<td width=\"228\">\u00a0<strong>Sestavine:<\/strong><\/td>\n<td width=\"10\"><\/td>\n<\/tr>\n<tr>\n<td colspan=\"2\" width=\"237\">Morska sol<\/td>\n<\/tr>\n<tr>\n<td width=\"228\">Kurkuma v prahu<\/td>\n<td width=\"10\"><\/td>\n<\/tr>\n<tr>\n<td colspan=\"2\" width=\"237\">Sladka paprika v prahu<\/td>\n<\/tr>\n<tr>\n<td colspan=\"2\" width=\"237\">Aroma \u010desan v prahu<\/td>\n<\/tr>\n<tr>\n<td colspan=\"2\" width=\"237\">Ro\u017emarin v prahu<\/td>\n<\/tr>\n<tr>\n<td colspan=\"2\" width=\"237\">Kajenski poper v prahu<\/td>\n<\/tr>\n<\/tbody>\n<\/table>\n","protected":false},"featured_media":13270,"comment_status":"open","ping_status":"closed","template":"","meta":[],"product_cat":[7],"product_tag":[61,63,12,52,62,60],"class_list":["post-98","product","type-product","status-publish","has-post-thumbnail","hentry","product_cat-izdelki-pr","product_tag-e-trgovina","product_tag-kroznik-okusov","product_tag-kuhar-jaka","product_tag-net-tv","product_tag-spletna-trgovina-kuhar-jaka","product_tag-zacimbe-za-piscanca"],"_links":{"self":[{"href":"https:\/\/kuhar-jaka.si\/e-shop\/wp-json\/wp\/v2\/product\/98","targetHints":{"allow":["GET"]}}],"collection":[{"href":"https:\/\/kuhar-jaka.si\/e-shop\/wp-json\/wp\/v2\/product"}],"about":[{"href":"https:\/\/kuhar-jaka.si\/e-shop\/wp-json\/wp\/v2\/types\/product"}],"replies":[{"embeddable":true,"href":"https:\/\/kuhar-jaka.si\/e-shop\/wp-json\/wp\/v2\/comments?post=98"}],"wp:featuredmedia":[{"embeddable":true,"href":"https:\/\/kuhar-jaka.si\/e-shop\/wp-json\/wp\/v2\/media\/13270"}],"wp:attachment":[{"href":"https:\/\/kuhar-jaka.si\/e-shop\/wp-json\/wp\/v2\/media?parent=98"}],"wp:term":[{"taxonomy":"product_cat","embeddable":true,"href":"https:\/\/kuhar-jaka.si\/e-shop\/wp-json\/wp\/v2\/product_cat?post=98"},{"taxonomy":"product_tag","embeddable":true,"href":"https:\/\/kuhar-jaka.si\/e-shop\/wp-json\/wp\/v2\/product_tag?post=98"}],"curies":[{"name":"wp","href":"https:\/\/api.w.org\/{rel}","templated":true}]}}