{"id":93,"date":"2015-04-07T15:51:06","date_gmt":"2015-04-07T15:51:06","guid":{"rendered":"http:\/\/kuhar-jaka.si\/e-shop\/?post_type=product&#038;p=93"},"modified":"2022-08-31T16:35:21","modified_gmt":"2022-08-31T16:35:21","slug":"zeliscna-sol-za-zar","status":"publish","type":"product","link":"https:\/\/kuhar-jaka.si\/e-shop\/izdelek\/zeliscna-sol-za-zar","title":{"rendered":"Zeli\u0161\u010dna sol  60g"},"content":{"rendered":"<div id=\"fb-root\"><\/div>\n<p><span style=\"color: #000000;\">Zeli\u0161\u010dna sol za \u017ear se lahko uporabljal pri vsakodnevni kuhi, odli\u010dna pa je pri peki na \u017earu. Posebnost me\u0161anic je tudi v tem, da so primerne za za\u010dinjanje jedi po na\u010delu LCHF &#8211; vsebujejo manj ogljikovih hidratov in hrani dajo polnje\u0161i okus.<br \/>\n<\/span><\/p>\n<p><strong><span style=\"color: #000000;\">Ni zelenjave na \u017earu brez zeli\u0161\u010dne soli!<\/span><\/strong><\/p>\n<p><strong>Sedaj v novi preobleki ter pakiranju!<\/strong><\/p>\n","protected":false},"excerpt":{"rendered":"<p class=\"em_text\"><span style=\"color: #000000;\">Zeli\u0161\u010dna sol z izredno aromo, narejena po posebnem postopku z jodirano morsko soljo.<\/span><\/p>\n<p class=\"em_text\"><span style=\"color: #ff0000;\"><strong>Vsebuje kar 45%\u00a0 zeli\u0161\u010d.<\/strong> <\/span><\/p>\n<p class=\"em_text\"><span style=\"color: #000000;\">Izredno aromati\u010dna in odli\u010dna za obogatitev in za\u010dinjanje jedi iz \u017eara, uporabo pri vaskodnevni kuhi, saj bodo za\u010dimbe dale polnost jedi. Tako boste tudi manj dosolili jedi in s tem pripomogli k va\u0161emu zdravju.<\/span><\/p>\n<table width=\"256\">\n<tbody>\n<tr>\n<td width=\"237\"><strong>Sestavine:<\/strong><\/p>\n<p>Morska sol<\/td>\n<\/tr>\n<tr>\n<td width=\"237\">Majaron mleti<\/td>\n<\/tr>\n<tr>\n<td width=\"237\">Mleti \u010desen<\/td>\n<\/tr>\n<tr>\n<td width=\"237\">Timijan mleti<\/td>\n<\/tr>\n<tr>\n<td width=\"237\">Kajenski poper<\/td>\n<\/tr>\n<tr>\n<td width=\"237\">Origano mleti<\/td>\n<\/tr>\n<tr>\n<td width=\"237\">Bazilika mleta<\/td>\n<\/tr>\n<tr>\n<td width=\"237\">Mleti Lovor<\/td>\n<\/tr>\n<tr>\n<td width=\"237\">Mleti kardamom<\/td>\n<\/tr>\n<\/tbody>\n<\/table>\n<table width=\"222\">\n<tbody>\n<tr>\n<td colspan=\"3\" width=\"221\"><\/td>\n<td width=\"1\"><\/td>\n<\/tr>\n<tr>\n<td colspan=\"2\" width=\"211\"><\/td>\n<td colspan=\"2\" width=\"11\"><\/td>\n<\/tr>\n<tr>\n<td colspan=\"2\" width=\"211\"><\/td>\n<td colspan=\"2\" width=\"11\"><\/td>\n<\/tr>\n<tr>\n<td colspan=\"2\" width=\"211\"><\/td>\n<td colspan=\"2\" width=\"11\"><\/td>\n<\/tr>\n<tr>\n<td colspan=\"2\" width=\"211\"><\/td>\n<td colspan=\"2\" width=\"11\"><\/td>\n<\/tr>\n<tr>\n<td colspan=\"2\" width=\"211\"><\/td>\n<td colspan=\"2\" width=\"11\"><\/td>\n<\/tr>\n<tr>\n<td colspan=\"2\" width=\"211\"><\/td>\n<td colspan=\"2\" width=\"11\"><\/td>\n<\/tr>\n<tr>\n<td width=\"202\"><\/td>\n<td width=\"10\"><\/td>\n<td colspan=\"2\" width=\"11\"><\/td>\n<\/tr>\n<tr>\n<td colspan=\"2\" width=\"211\"><\/td>\n<td colspan=\"2\" width=\"11\"><\/td>\n<\/tr>\n<tr>\n<td colspan=\"2\" width=\"211\"><\/td>\n<td colspan=\"2\" width=\"11\"><\/td>\n<\/tr>\n<\/tbody>\n<\/table>\n<p class=\"em_text\">\n","protected":false},"featured_media":13271,"comment_status":"open","ping_status":"closed","template":"","meta":[],"product_cat":[7],"product_tag":[59,58,52,49,54,56,57,47],"class_list":["post-93","product","type-product","status-publish","has-post-thumbnail","hentry","product_cat-izdelki-pr","product_tag-etrgovina","product_tag-kuhar-jaka-spletna-trgovina","product_tag-net-tv","product_tag-spletna-trgovina","product_tag-zacimbe","product_tag-zacimbe-kuhar-jaka","product_tag-zacimbne-mesanice","product_tag-zeliscna-sol"],"_links":{"self":[{"href":"https:\/\/kuhar-jaka.si\/e-shop\/wp-json\/wp\/v2\/product\/93","targetHints":{"allow":["GET"]}}],"collection":[{"href":"https:\/\/kuhar-jaka.si\/e-shop\/wp-json\/wp\/v2\/product"}],"about":[{"href":"https:\/\/kuhar-jaka.si\/e-shop\/wp-json\/wp\/v2\/types\/product"}],"replies":[{"embeddable":true,"href":"https:\/\/kuhar-jaka.si\/e-shop\/wp-json\/wp\/v2\/comments?post=93"}],"wp:featuredmedia":[{"embeddable":true,"href":"https:\/\/kuhar-jaka.si\/e-shop\/wp-json\/wp\/v2\/media\/13271"}],"wp:attachment":[{"href":"https:\/\/kuhar-jaka.si\/e-shop\/wp-json\/wp\/v2\/media?parent=93"}],"wp:term":[{"taxonomy":"product_cat","embeddable":true,"href":"https:\/\/kuhar-jaka.si\/e-shop\/wp-json\/wp\/v2\/product_cat?post=93"},{"taxonomy":"product_tag","embeddable":true,"href":"https:\/\/kuhar-jaka.si\/e-shop\/wp-json\/wp\/v2\/product_tag?post=93"}],"curies":[{"name":"wp","href":"https:\/\/api.w.org\/{rel}","templated":true}]}}