{"id":731,"date":"2019-03-14T19:05:52","date_gmt":"2019-03-14T19:05:52","guid":{"rendered":"http:\/\/kuhar-jaka.si\/e-shop\/?post_type=product&#038;p=731"},"modified":"2025-03-23T09:41:30","modified_gmt":"2025-03-23T09:41:30","slug":"kupis_dve_dve_ti_podarimo","status":"publish","type":"product","link":"https:\/\/kuhar-jaka.si\/e-shop\/izdelek\/kupis_dve_dve_ti_podarimo","title":{"rendered":"NOVO PAKIRANJE_ZA\u010cIMBNI MIX &#8211; KUHAR JAKA"},"content":{"rendered":"<div id=\"fb-root\"><\/div>\n<p>Preizkusite za\u010dimbne me\u0161anice, ki so pripravljene brez oja\u010devalcev okusa in razli\u010dnih dodatkov. Izjemna aroma in posledi\u010dno okus jedi. Za\u010dimbne me\u0161anice Kuhar Jaka, so enostavne za uporabo vsebujejo manj soli in posledi\u010dno, jih porabite manj.<\/p>\n<p>V kompletu dobite naslednje za\u010dimbne me\u0161anice:<\/p>\n<ul>\n<li>Za\u010dimbna me\u0161anica za perutnino<\/li>\n<li>Za\u010dimbna me\u0161anica za jedi na \u017elico<\/li>\n<li>Zeli\u0161\u010dna sol<\/li>\n<li>Za\u010dimbna me\u0161anica za svinjino<\/li>\n<\/ul>\n<p><span style=\"color: #0000ff;\"><strong>\u00a0Izkoristite posebno ponudbo, izjemna cena!!!<br \/>\n<\/strong><\/span><\/p>\n","protected":false},"excerpt":{"rendered":"<p>V posebni ponudbi dobite vse 4 me\u0161anice, ki bodo popestrile va\u0161o kuho.<\/p>\n<p>Novo pakiranje in doziranje, preizkusite!<\/p>\n<p>\u0160tevilo paketov je omejeno!<\/p>\n","protected":false},"featured_media":13274,"comment_status":"open","ping_status":"closed","template":"","meta":[],"product_cat":[7],"product_tag":[11,62,56,60,97,57,47],"class_list":["post-731","product","type-product","status-publish","has-post-thumbnail","hentry","product_cat-izdelki-pr","product_tag-neverjetno-okusno-in-enostavno","product_tag-spletna-trgovina-kuhar-jaka","product_tag-zacimbe-kuhar-jaka","product_tag-zacimbe-za-piscanca","product_tag-zacimbe-za-ribe","product_tag-zacimbne-mesanice","product_tag-zeliscna-sol"],"_links":{"self":[{"href":"https:\/\/kuhar-jaka.si\/e-shop\/wp-json\/wp\/v2\/product\/731","targetHints":{"allow":["GET"]}}],"collection":[{"href":"https:\/\/kuhar-jaka.si\/e-shop\/wp-json\/wp\/v2\/product"}],"about":[{"href":"https:\/\/kuhar-jaka.si\/e-shop\/wp-json\/wp\/v2\/types\/product"}],"replies":[{"embeddable":true,"href":"https:\/\/kuhar-jaka.si\/e-shop\/wp-json\/wp\/v2\/comments?post=731"}],"wp:featuredmedia":[{"embeddable":true,"href":"https:\/\/kuhar-jaka.si\/e-shop\/wp-json\/wp\/v2\/media\/13274"}],"wp:attachment":[{"href":"https:\/\/kuhar-jaka.si\/e-shop\/wp-json\/wp\/v2\/media?parent=731"}],"wp:term":[{"taxonomy":"product_cat","embeddable":true,"href":"https:\/\/kuhar-jaka.si\/e-shop\/wp-json\/wp\/v2\/product_cat?post=731"},{"taxonomy":"product_tag","embeddable":true,"href":"https:\/\/kuhar-jaka.si\/e-shop\/wp-json\/wp\/v2\/product_tag?post=731"}],"curies":[{"name":"wp","href":"https:\/\/api.w.org\/{rel}","templated":true}]}}