{"id":13278,"date":"2022-08-31T16:20:01","date_gmt":"2022-08-31T16:20:01","guid":{"rendered":"http:\/\/kuhar-jaka.si\/e-shop\/?post_type=product&#038;p=13278"},"modified":"2022-12-01T17:10:01","modified_gmt":"2022-12-01T17:10:01","slug":"akcija-3-darilni-komplet","status":"publish","type":"product","link":"https:\/\/kuhar-jaka.si\/e-shop\/izdelek\/akcija-3-darilni-komplet","title":{"rendered":"AKCIJA 3 &#8211; DARILNI KOMPLET"},"content":{"rendered":"<div id=\"fb-root\"><\/div>\n<p>Z veseljem Vam sporo\u010dam, da je iz tiskarne pri\u0161el \u017ee dolgo obljubljen ponatis moje prve kuharske knjige <strong>NEVERJETNO ENOSTAVNO IN OKUSNO z ve\u010d kot 150 recepti<\/strong> . Slednji so izbrani recepti 300 kuharskih oddaj Kro\u017enik okusov, ki ste jih lahko spremljali na NET TV v preteklih letih.<\/p>\n<p>Posebnost te knjige so enostavni in doma\u010di recepti, primerni za vsakodnevno pripravo. Vsak recept vsebuje dodaten nasvet, kako lahko ta obrok pripravite druga\u010de in zakaj je nekaj potrebno dodati ali narediti. Skratka prava zakladnica nasvetov teh majhnih skrivnosti, ki se vam jih zaupal med samo pripravo jedi v kuharski oddaji.<\/p>\n<p><span style=\"color: #ff0000;\"><strong>O kvaliteti knjige pri\u010da tudi to dejstvo, da je bila prodana v ve\u010d kot 5000 izvodih! <\/strong><\/span><\/p>\n<h3><strong><span style=\"color: #000000;\">Zato pohitite in poklonite prav posebno darilo. Ku<\/span><\/strong><strong>harski paket z za\u010dimbnimi miksi v darilnem pakiranju!<\/strong><strong><span style=\"color: #000000;\">\u00a0 <\/span><\/strong><strong><span style=\"color: #000000;\">\u0160tevilo paketov je omejeno!<br \/>\n<\/span><\/strong><\/h3>\n<p><span style=\"color: #0000ff;\"><strong>\u00a0<\/strong><\/span><\/p>\n","protected":false},"excerpt":{"rendered":"<p><span style=\"color: #000000;\">Recepti so sezonski in z poznanimi \u017eivili ter vsak recept vsebuje \u0161e prakti\u010dni nasvet za pripravo ali nasvet o pripravi druge jedi iz podobnih sestavin. V knjigi najdete od kruha, jedi na \u017elico, testenin, jedi na \u017earu vseh vrst mesnih jedi, marinad za meso, sladic, vegiterjanskih jedi in vlo\u017enin.<\/span><\/p>\n<p>Kuharska knjiga Neverjetno enostavno in okusnoje je na voljo v omejeni koli\u010dini, zato pohitite z naro\u010dilom!<\/p>\n","protected":false},"featured_media":13273,"comment_status":"open","ping_status":"closed","template":"","meta":[],"product_cat":[10],"product_tag":[248,246,12,13,11,247,249],"class_list":["post-13278","product","type-product","status-publish","has-post-thumbnail","hentry","product_cat-knjizice","product_tag-black-friday","product_tag-crni-petek","product_tag-kuhar-jaka","product_tag-kuharska-knjiga","product_tag-neverjetno-okusno-in-enostavno","product_tag-nori-popust","product_tag-popust-kuharska-knjiga"],"_links":{"self":[{"href":"https:\/\/kuhar-jaka.si\/e-shop\/wp-json\/wp\/v2\/product\/13278","targetHints":{"allow":["GET"]}}],"collection":[{"href":"https:\/\/kuhar-jaka.si\/e-shop\/wp-json\/wp\/v2\/product"}],"about":[{"href":"https:\/\/kuhar-jaka.si\/e-shop\/wp-json\/wp\/v2\/types\/product"}],"replies":[{"embeddable":true,"href":"https:\/\/kuhar-jaka.si\/e-shop\/wp-json\/wp\/v2\/comments?post=13278"}],"wp:featuredmedia":[{"embeddable":true,"href":"https:\/\/kuhar-jaka.si\/e-shop\/wp-json\/wp\/v2\/media\/13273"}],"wp:attachment":[{"href":"https:\/\/kuhar-jaka.si\/e-shop\/wp-json\/wp\/v2\/media?parent=13278"}],"wp:term":[{"taxonomy":"product_cat","embeddable":true,"href":"https:\/\/kuhar-jaka.si\/e-shop\/wp-json\/wp\/v2\/product_cat?post=13278"},{"taxonomy":"product_tag","embeddable":true,"href":"https:\/\/kuhar-jaka.si\/e-shop\/wp-json\/wp\/v2\/product_tag?post=13278"}],"curies":[{"name":"wp","href":"https:\/\/api.w.org\/{rel}","templated":true}]}}