{"id":465,"date":"2017-08-06T12:08:31","date_gmt":"2017-08-06T12:08:31","guid":{"rendered":"http:\/\/kuhar-jaka.si\/e-shop\/?page_id=465"},"modified":"2021-01-25T16:25:48","modified_gmt":"2021-01-25T16:25:48","slug":"cookie-policy","status":"publish","type":"page","link":"https:\/\/kuhar-jaka.si\/e-shop\/cookie-policy","title":{"rendered":"Splo\u0161ni pogoji poslovanja spletne trgovine"},"content":{"rendered":"<div id=\"fb-root\"><\/div>\n<p><strong>SPLO\u0160NI POGOJI SPLETNE TRGOVINE KUHAR JAKA D.O.O.<\/strong><\/p>\n<p>Splo\u0161ni pogoji poslovanja spletne trgovine KUHAR JAKA d.o.o. (v nadaljevanju KUHAR JAKA) so sestavljeni v skladu z Zakonom o elektronskem poslovanju na trgu (ZEPT), Zakonom o varstvu potro\u0161nikov (ZVPot), Obligacijskim zakonikom (OZ) in Zakonom o varstvu osebnih podatkov (ZVOP-1).<\/p>\n<p>Prosimo vas, da splo\u0161ne pogoje poslovanja pred uporabo spletne trgovine pazljivo preberete.<\/p>\n<p>Splo\u0161ni pogoji poslovanja obravnavajo delovanje spletne trgovine, pravice in obveznosti uporabnika ter poslovni odnos med ponudnikom in kupcem. Uporabnika zavezujejo splo\u0161ni pogoji, ki so veljavni v trenutku oddaje spletnega naro\u010dila. S potrditvijo naro\u010dila je uporabnik seznanjen s splo\u0161nimi pogoji poslovanja, varstvom osebnih podatkov in pravnim obvestilom.<\/p>\n<p>S spletno trgovino upravlja podjetje KUHAR JAKA d.o.o., Partizanska\u00a0 cesta 5, 2000 Maribor, mati\u010dna \u0161tevilka 3388662000, dav\u010dna \u0161tevilka SI 6776493, ki je tudi ponudnik storitev e-trgovine.<\/p>\n<p>Spletna trgovina je odprta vsak dan, 24 ur na dan. Zaradi razli\u010dnih tehni\u010dnih razlogov poslovanje prek spletne trgovine ali celo dostop do trgovine v\u010dasih ni mogo\u010d. Zato si ponudnik pridr\u017euje pravico, da za dolo\u010den ali nedolo\u010den \u010das omeji ali popolnoma ustavi dostop do strani spletne trgovine. Ponudnik ne prevzema odgovornosti za nedelovanje trgovine zaradi neznanja uporabe, kakr\u0161nih koli posledic zlorabe spletne trgovine, nedelovanje storitve zaradi izpada omre\u017eja, izpada elektri\u010dne energije ali drugih tehni\u010dnih motenj, ki bi lahko za\u010dasno, lahko tudi za dalj\u0161i \u010das, motile uporabo.<\/p>\n<ol>\n<li><strong> Registracija in postopek nakupa<\/strong><\/li>\n<\/ol>\n<p>Registracija uporabnika pri naro\u010dilu ni potrebna. Pomeni, da naro\u010dilo lahko izvede brez registracije.<\/p>\n<p><strong>Naro\u010dilo:<\/strong><\/p>\n<p><strong>Naro\u010dilo <\/strong>z izbiro ponujenih izdelkov tako, da jih dodate v ko\u0161arico z gumbom \u00bbNaro\u010dite\u00ab. Za nakup zado\u0161\u010da \u017ee ena publikacija. Po opravljeni izbiri in ob predpostavki, da se strinjate z vsebino ko\u0161arice, nadaljujete z gumbom &#8220;Naslednji korak&#8221;. Postopek nakupa je v nadaljevanju sestavljen iz treh korakov: 1 \u2013 podatki za nakup, 2 \u2013 vnos osebnih podatkov in izbor na\u010dina dostave, 3 \u2013 povzetek naro\u010dila. Ob izbiri pla\u010dila lahko to uredite s UPN nalogom ali kar preko storitve Paypal. Postopek naro\u010danja lahko prekinete v vsakem trenutku tako, da zaprete okno brskalnika, razen v primeru, da ste naro\u010dilo \u017ee potrdili z gumbom \u00bbPotrditev naro\u010dila\u00ab neposredno po povzetku naro\u010dila. V tem primeru se za morebitne dodatne informacije obrnite na nas na telefonsko \u0161tevilko 051369451ali na e-naslov <u><a href=\"mailto:info@kuhar-jaka.si\">info@kuhar-jaka.si<\/a><\/u>.<\/p>\n<p>Po opravljenem naro\u010dilu boste po elektronski po\u0161ti prejeli obvestilo s predra\u010dunom in z napotki za pla\u010dilo predra\u010duna.<\/p>\n<ol start=\"2\">\n<li><strong> Cene<\/strong><\/li>\n<\/ol>\n<p>Vse cene so navedene v EUR (evrih) in vklju\u010dujejo 5 % ali 22 % davek na dodano vrednost (DDV), odvisno od izdelka ali storitve.<\/p>\n<p>Cene veljajo v trenutku oddaje naro\u010dila in nimajo vnaprej dolo\u010dene veljavnosti, razen v primeru akcij, ko je veljavnost ponudbe posebej ozna\u010dena.<\/p>\n<p>Kljub izjemnim naporom, da bi zagotovili najbolj a\u017eurne in to\u010dne podatke, se lahko zgodi, da je podatek o ceni napa\u010den. V tem primeru, ali v primeru, da se cena izdelka spremeni med obdelavo naro\u010dila, bo ponudnik kupcu omogo\u010dil odstop od nakupa.<\/p>\n<ol start=\"3\">\n<li><strong> Na\u010din pla\u010dila, potrditev pla\u010dila in ra\u010dun<\/strong><\/li>\n<\/ol>\n<p>Na\u010din pla\u010dila naro\u010dila je izklju\u010dno pla\u010dilo po predra\u010dunu. Rok za pla\u010dilo naro\u010denih publikacij je 8 dni po prejemu predra\u010duna. Rok za pla\u010dilo kotizacije za prijavljene udele\u017eence (prijava na dogodek) je pred izvedbo izobra\u017eevanja.<\/p>\n<p>Originalni ra\u010dun bo v fizi\u010dni obliki:<\/p>\n<ul>\n<li>Prilo\u017een k potrdilu ob vro\u010ditvi naro\u010dene po\u0161iljke. V primeru osebnega prevzema na prevzemnem mestu prejme kupec natisnjen ra\u010dun za naro\u010deno prevzemu blaga.<\/li>\n<li>Poslan na naslov naro\u010dnika po izvedenem pla\u010dila preko UPN naloga (pla\u010dilo ob prevzemu)<\/li>\n<\/ul>\n<p>Pri poslovanju z javnim sektorjem se izda e-ra\u010dun, zato se ra\u010dun v fizi\u010dni obliki ne po\u0161ilja naro\u010dniku.<\/p>\n<p>Na ra\u010dunu so raz\u010dlenjene cene, davek in vsi stro\u0161ki v zvezi z nakupom. Kupec je dol\u017ean preveriti pravilnost podatkov za izdajo ra\u010duna pred oddajo naro\u010dila. Kupec je dol\u017ean preveriti pravilnost podatkov na ra\u010dunu in o morebitnih napakah najkasneje v 8 delovnih dneh obvestiti ponudnika. Kasneje podanih ugovorov glede pravilnosti izdanih ra\u010dunov ponudnik ne upo\u0161teva.<\/p>\n<ol start=\"4\">\n<li><strong> Dostava in stro\u0161ki dostave<\/strong><\/li>\n<\/ol>\n<p>Dostava naro\u010denih izdelkov v spletni trgovini, je enotne cene in sicer 3,50 EUR na naro\u010dilo. V kolikor naro\u010dilo presega 50,00 EUR je po\u0161tnina naro\u010denih izdelkov brezpla\u010dna.<\/p>\n<p>Naro\u010dila, oddana ob delovnikih do 16. ure, oziroma v petek do 14. ure, bodo obdelana in oddana na po\u0161to v roku 72 ur.<\/p>\n<p>NA\u010cIN DOSTAVE<\/p>\n<p>Po\u0161iljke dostavlja Po\u0161ta Slovenije d.o.o., zato za na\u010din dostave veljajo <a href=\"https:\/\/www.posta.si\/zakoni-in-splosni-pogoji\">splo\u0161ni pogoji Po\u0161te Slovenije d.o.o.<\/a><\/p>\n<p>\u010ce smatrate, da dostavljalec potrebuje dodatne informacije za izro\u010ditev po\u0161iljke, vas prosimo, da izkoristite polje &#8220;Opomba&#8221; pri podatkih dostave.<\/p>\n<p>Naro\u010denega blaga ni mo\u017eno osebno prevzemati na sede\u017eu podjetja.<\/p>\n<ol start=\"5\">\n<li><strong> Pravica do odstopa od naro\u010dila<\/strong><\/li>\n<\/ol>\n<p>ODSTOP OD NARO\u010cILA:<\/p>\n<p>Kupec ima mo\u017enost v roku 12 ur od oddaje naro\u010dila svoje naro\u010dilo preklicati. Naro\u010dila, ki so pla\u010dana preko Paypala ob potrditvi naro\u010dila, pa se re\u0161ujejo po spodnjih navodilih.<\/p>\n<p>Odstop od naro\u010dila kupec po\u0161lje na naslov KUHAR JAKA d.o.o., Partizanska cesta 5, 2000 Maribor, s pripisom Spletna prodaja ali po elektronski po\u0161ti na naslov <u><a href=\"mailto:info@kuhar-jaka.si\">info@kuhar-jaka.si<\/a><\/u>.<\/p>\n<p>V primeru odstopa od naro\u010dila mora kupec prejeto blago nemudoma ali najkasneje v 14 dneh po prejemu vrniti ali po po\u0161ti na zgoraj navedeni naslov prodajalca ali ga osebno prinesti na prevzemno mesto ponudnika.<\/p>\n<p>Edini stro\u0161ek, ki bremeni kupca v zvezi z odstopom od naro\u010dila, je stro\u0161ek vra\u010dila blaga (ki se v primeru po\u0161iljanja obra\u010dunava po ceniku dostavne slu\u017ebe in je odvisen od tega ali gre za po\u0161iljko\/paket\/tovor). Po\u0161iljk z odkupnino ne sprejemamo.<\/p>\n<p>Vra\u010dilo opravljenih vpla\u010dil bo izvedeno takoj, ko je to mogo\u010de, najkasneje pa v roku 14 dni od tedaj, ko bo ponudnik prevzel vrnjeno blago. Prejeto pla\u010dilo se kupcu vrne z enakim pla\u010dilnim sredstvom, kot ga je uporabil.<\/p>\n<ol start=\"6\">\n<li><strong> Reklamacije<\/strong><\/li>\n<\/ol>\n<p>Reklamacije bodo upo\u0161tevane, v kolikor ponudnik ni spo\u0161toval dogovora pri naro\u010dilu (ni dostavil naro\u010denega izdelka ali pa je le tega dostavil po\u0161kodovanega). Ponudnik se zavezuje, da bo navedene napake odpravil v najkraj\u0161em mo\u017enem \u010dasu.<\/p>\n<p>Spletna trgovin KUHAR JAKA d.o.o., si pridr\u017euje pravico zavrniti reklamacijo v naslednjih primerih:<\/p>\n<ul>\n<li>\u010de ni prilo\u017eenega ra\u010duna,<\/li>\n<li>\u010de blago ni bilo vrnjeno v originalni embala\u017ei,<\/li>\n<\/ul>\n<ol start=\"7\">\n<li><strong> Varnost<\/strong><\/li>\n<\/ol>\n<p>Podjetje KUAR JAKA d.o.o., uporablja ustrezna tehnolo\u0161ka in organizacijska sredstva za za\u0161\u010dito prenosa in shranjevanja osebnih podatkov, naro\u010dil ter pla\u010dil.<\/p>\n<ol start=\"8\">\n<li><strong> Varovanje osebnih podatkov<\/strong><\/li>\n<\/ol>\n<p>Ponudnik se zavezuje, da bo varoval vse zasebne podatke uporabnika v skladu z dolo\u010dili Zakona o varstvu osebnih podatkov (ZVOP-1) in <a href=\"https:\/\/www.zds.si\/sl\/politika-varstva-zasebnosti-in-piskotkov\/\">Politiko varstva zasebnosti in pi\u0161kotkov<\/a>. Vsi osebni podatki uporabnika spletne trgovine so zaupni in ne bodo v nobenem primeru posredovani nepoobla\u0161\u010denim osebam.<\/p>\n<p>Ve\u010dino strani v spletni trgovini se lahko obi\u0161\u010de, ne da bi morali razkriti svoje osebne podatke, na primer ime, naslov in e-po\u0161tni naslov. Kljub temu pa se nekatere informacije pridobivajo samodejno z uporabo pi\u0161kotkov in spletnih signalov (\u00bbpixel tags\u00ab), standardnih orodij v spletni industriji. Uporaba pi\u0161kotkov in spletnih signalov omogo\u010da prepoznati posameznem IP-naslov, vrsto brskalnika, ki ga obiskovalec spletne strani uporablja in splo\u0161no aktivnost obiskovalca na spletu. \u010ce v va\u0161em ra\u010dunalniku izklopite pi\u0161kotke, nakupa v spletni trgovini ne bo mogo\u010de opraviti.<\/p>\n<p>Za nakup v na\u0161i spletni trgovini je potrebno zbiranje nekaterih va\u0161ih osebnih podatkov. Podatkov, ki nam jih boste posredovali, ne posredujemo tretjim osebam, razen za namen potrditve veljavnosti nakupa in dostave izdelkov. Ponudnik izvaja vse potrebne ukrepe za varovanje zaupnosti osebnih podatkov v skladu z ZVOP-1.<\/p>\n<p>Z nakupom v spletni trgovini izrecno sogla\u0161ate, da va\u0161e osebne podatke, ki jih posredujete ob naro\u010dilu (ime, priimek, naslov, e-naslov, telefon) shranimo in jih uporabljamo izklju\u010dno za potrebe izpolnitve naro\u010dila, va\u0161 e-naslov pa lahko uporabljamo za neposredno tr\u017eenje na\u0161ih enakih ali podobnih izdelkov ali storitev, kot ste jih kupili v spletni trgovini.<\/p>\n<ol start=\"9\">\n<li><strong> Odveza odgovornosti<\/strong><\/li>\n<\/ol>\n<p>Ponudnik se po svojih najbolj\u0161ih mo\u010deh trudi zagotoviti a\u017eurnost in pravilnost podatkov, ki so objavljeni na njegovih straneh. Kljub temu pa se lahko lastnosti izdelkov, rok dobave ali cena spremenijo tako hitro, da ponudnik ne uspe popraviti podatkov na spletnih straneh. V takem primeru bo ponudnik kupca obvestil o spremembah in mu omogo\u010dil odstop od naro\u010dila ali zamenjavo naro\u010denega izdelka.<\/p>\n<p>\u010ceprav se ponudnik trudi zagotoviti natan\u010dne slikovne prikaze prodajnih izdelkov, je potrebno vse slikovne prikaze jemati kot simboli\u010dne in tako ne zagotavljajo lastnosti izdelka.<\/p>\n<ol start=\"10\">\n<li><strong> Pravno obvestilo<\/strong><\/li>\n<\/ol>\n<p>Spletna trgovina je last podjetja KUHAR JAKA d.o.o., ki spletno trgovino tudi upravlja. Vsebine, objavljene na spletni strani, so last podjetja ter njegovih pogodbenih partnerjev in se lahko uporabljajo v nekomercialne namene, kjer pa morajo ohraniti vsa navedena opozorila o avtorskih pravicah in se torej ne smejo prepisovati, razmno\u017eevati ali kako druga\u010de raz\u0161irjati brez dovoljenja ponudnika.<\/p>\n<p>V\u010dasih se zgodi, da ne moremo zagotavljati popolne to\u010dnosti in zanesljivosti vseh objavljenih podatkov. Vsa opozorila bomo sprejeli resno in takoj popravili objavljene informacije.<\/p>\n<p>Ne prevzemamo odgovornosti za morebitne posledice, nastale zaradi uporabe informacij, objavljenih na tej spletni strani ali za\u010dasnega nedelovanja spletne strani in s tem spletne trgovine.<\/p>\n<p>Pridr\u017eujemo si pravico do dnevne spremembe vsebin, napak v cenah in napisanem besedilu. Z uporabo spletne trgovine kupec potrjuje, da sprejema opisane pogoje in se z njimi strinja.<\/p>\n<ol start=\"11\">\n<li><strong> Prito\u017ebe in spori<\/strong><\/li>\n<\/ol>\n<p>Morebitni spori se re\u0161ujejo sporazumno. \u010ce do sporazumnega dogovora ne pride, se spori re\u0161ujejo na pristojnem sodi\u0161\u010du v Mariboru.<\/p>\n<p>Ponudnik spo\u0161tuje veljavno zakonodajo o varstvu potro\u0161nikov, obligacijske predpise in druge predpise, ki urejajo ponujanje blaga in storitev preko svetovnega spleta. Ponudnik se po vseh mo\u010deh trudi izpolnjevati svojo dol\u017enost vzpostaviti u\u010dinkovit sistem obravnavanja prito\u017eb in dolo\u010diti osebo, s katero se, v primeru te\u017eav, kupec lahko pove\u017ee telefonsko ali po elektronski po\u0161ti. Prito\u017ebo je mo\u017eno oddati preko elektronske po\u0161te <u><a href=\"mailto:info@kuhar-jaka.si\">info@kuhar-jaka.si<\/a><\/u> ali na po\u0161tni naslov KUHAR JAKA d.o.o., Partizanska cesta 5, 2000 Maribor ali osebno na naslovu ponudnika.<\/p>\n<p>Ponudnik bo v osmih delovnih dneh potrdil, da je prejel prito\u017ebo in uporabniku spletnega mesta sporo\u010dil, kako dolgo jo bo obravnaval ter ga vseskozi obve\u0161\u010dal o poteku postopka.<\/p>\n<p>Ponudnik se zaveda, da je bistvena zna\u010dilnost potro\u0161ni\u0161kega spora, vsaj kar zadeva sodno re\u0161evanje, njegova nesorazmernost med ekonomsko vrednostjo zahtevka in stro\u0161ki, ki nastanejo pri re\u0161evanju samega spora. To je tudi glavna ovira, da potro\u0161nik ne spro\u017ei spora pred sodi\u0161\u010dem. Zato se ponudnik prizadeva po svojih najbolj\u0161ih mo\u010deh, da se morebitni spori re\u0161ijo sporazumno.<\/p>\n<ol start=\"12\">\n<li><strong> Upravljavec spletne trgovine<\/strong><\/li>\n<\/ol>\n<p>Upravljavec spletne trgovine na spletni strani <u><a href=\"http:\/\/www.kuhar-jaka.si\/e-shop\">www.kuhar-jaka.si\/e-shop<\/a><\/u> KUHAR JAKA d.o.o., Partizanska cesta 5, 2000 Maribor.<\/p>\n<p>Podatki o upravljavcu:<br \/>\nKUHAR JAKA d.o.o., Partizanska cesta 5, 2000 Maribor<br \/>\nMati\u010dna \u0161tevilka: 3388662000<br \/>\nDav\u010dna \u0161tevilka: SI 67776493<br \/>\nTelefon: 051 369 451<br \/>\nE-po\u0161ta: <u><a href=\"mailto:info@kuhar-jaka.si\">info@kuhar-jaka.si<\/a><\/u><\/p>\n<p>Maribor, 1.1.2016<\/p>\n<p>This site uses cookies &#8211; small text files that are placed on your machine to help the site provide a better user experience. In general, cookies are used to retain user preferences, store information for things like shopping carts, and provide anonymised tracking data to third party applications like Google Analytics. As a rule, cookies will make your browsing experience better. However, you may prefer to disable cookies on this site and on others. The most effective way to do this is to disable cookies in your browser. We suggest consulting the Help section of your browser or taking a look at <a href=\"http:\/\/www.aboutcookies.org\">the About Cookies website<\/a> which offers guidance for all modern browsers<\/p>\n","protected":false},"excerpt":{"rendered":"<p>SPLO\u0160NI POGOJI SPLETNE TRGOVINE KUHAR JAKA D.O.O. Splo\u0161ni pogoji poslovanja spletne trgovine KUHAR JAKA d.o.o. (v nadaljevanju KUHAR JAKA) so sestavljeni v skladu z Zakonom o elektronskem poslovanju na trgu (ZEPT), Zakonom o varstvu potro\u0161nikov (ZVPot), Obligacijskim zakonikom (OZ) in Zakonom o varstvu osebnih podatkov (ZVOP-1). Prosimo vas, da splo\u0161ne pogoje poslovanja pred uporabo spletne trgovine pazljivo preberete. Splo\u0161ni pogoji poslovanja obravnavajo delovanje spletne trgovine, pravice in obveznosti uporabnika ter poslovni odnos med ponudnikom in kupcem. Uporabnika zavezujejo splo\u0161ni pogoji, &hellip; <a href=\"https:\/\/kuhar-jaka.si\/e-shop\/cookie-policy\" class=\"more-link\">Continue reading<span class=\"screen-reader-text\"> &#8220;Splo\u0161ni pogoji poslovanja spletne trgovine&#8221;<\/span><\/a><\/p>\n","protected":false},"author":1,"featured_media":0,"parent":0,"menu_order":0,"comment_status":"closed","ping_status":"closed","template":"","meta":{"footnotes":""},"class_list":["post-465","page","type-page","status-publish","hentry"],"_links":{"self":[{"href":"https:\/\/kuhar-jaka.si\/e-shop\/wp-json\/wp\/v2\/pages\/465","targetHints":{"allow":["GET"]}}],"collection":[{"href":"https:\/\/kuhar-jaka.si\/e-shop\/wp-json\/wp\/v2\/pages"}],"about":[{"href":"https:\/\/kuhar-jaka.si\/e-shop\/wp-json\/wp\/v2\/types\/page"}],"author":[{"embeddable":true,"href":"https:\/\/kuhar-jaka.si\/e-shop\/wp-json\/wp\/v2\/users\/1"}],"replies":[{"embeddable":true,"href":"https:\/\/kuhar-jaka.si\/e-shop\/wp-json\/wp\/v2\/comments?post=465"}],"version-history":[{"count":3,"href":"https:\/\/kuhar-jaka.si\/e-shop\/wp-json\/wp\/v2\/pages\/465\/revisions"}],"predecessor-version":[{"id":13249,"href":"https:\/\/kuhar-jaka.si\/e-shop\/wp-json\/wp\/v2\/pages\/465\/revisions\/13249"}],"wp:attachment":[{"href":"https:\/\/kuhar-jaka.si\/e-shop\/wp-json\/wp\/v2\/media?parent=465"}],"curies":[{"name":"wp","href":"https:\/\/api.w.org\/{rel}","templated":true}]}}