{"id":366,"date":"2017-01-08T21:35:48","date_gmt":"2017-01-08T21:35:48","guid":{"rendered":"http:\/\/kuhar-jaka.si\/e-shop\/?page_id=366"},"modified":"2021-01-17T11:43:21","modified_gmt":"2021-01-17T11:43:21","slug":"http-kuhar-jaka-si-e-shop","status":"publish","type":"page","link":"https:\/\/kuhar-jaka.si\/e-shop\/http-kuhar-jaka-si-e-shop","title":{"rendered":"SPLETNA TRGOVINA"},"content":{"rendered":"<div id=\"fb-root\"><\/div>\n<div id=\"pl-gb366-69e1549f03ad5\"  class=\"panel-layout\" ><div id=\"pg-gb366-69e1549f03ad5-0\"  class=\"panel-grid panel-no-style\" ><div id=\"pgc-gb366-69e1549f03ad5-0-0\"  class=\"panel-grid-cell\" ><div id=\"panel-gb366-69e1549f03ad5-0-0-0\" class=\"so-panel widget widget_woocommerce_products woocommerce widget_products panel-first-child\" data-index=\"0\" ><h3 class=\"widget-title\">Izdelki<\/h3><ul class=\"product_list_widget\"><li>\n\t\n\t<a href=\"https:\/\/kuhar-jaka.si\/e-shop\/izdelek\/akcija-3-darilni-komplet\">\n\t\t<img loading=\"lazy\" decoding=\"async\" width=\"500\" height=\"443\" src=\"https:\/\/kuhar-jaka.si\/e-shop\/wp-content\/uploads\/2015\/04\/Kuharski-paket-500x443.jpg\" class=\"attachment-woocommerce_thumbnail size-woocommerce_thumbnail\" alt=\"\" \/>\t\t<span class=\"product-title\">AKCIJA 3 &#8211; DARILNI KOMPLET<\/span>\n\t<\/a>\n\n\t\t\t\t\n\t<del aria-hidden=\"true\"><span class=\"woocommerce-Price-amount amount\"><bdi><span class=\"woocommerce-Price-currencySymbol\">&euro;<\/span>46,50<\/bdi><\/span><\/del> <ins><span class=\"woocommerce-Price-amount amount\"><bdi><span class=\"woocommerce-Price-currencySymbol\">&euro;<\/span>34,90<\/bdi><\/span><\/ins>\n\t<\/li>\n<li>\n\t\n\t<a href=\"https:\/\/kuhar-jaka.si\/e-shop\/izdelek\/zacimbna-mesanica-za-jedi-na-zlico-10g\">\n\t\t<img loading=\"lazy\" decoding=\"async\" width=\"425\" height=\"500\" src=\"https:\/\/kuhar-jaka.si\/e-shop\/wp-content\/uploads\/2015\/04\/Jedi-na--425x500.jpg\" class=\"attachment-woocommerce_thumbnail size-woocommerce_thumbnail\" alt=\"\" \/>\t\t<span class=\"product-title\">Za\u010dimbna me\u0161anica za jedi na \u017elico 10g<\/span>\n\t<\/a>\n\n\t\t\t\t\n\t<del aria-hidden=\"true\"><span class=\"woocommerce-Price-amount amount\"><bdi><span class=\"woocommerce-Price-currencySymbol\">&euro;<\/span>3,50<\/bdi><\/span><\/del> <ins><span class=\"woocommerce-Price-amount amount\"><bdi><span class=\"woocommerce-Price-currencySymbol\">&euro;<\/span>2,90<\/bdi><\/span><\/ins>\n\t<\/li>\n<li>\n\t\n\t<a href=\"https:\/\/kuhar-jaka.si\/e-shop\/izdelek\/akcija-crni-petek-1-50-na-kuharsko-knjigo-veliko-darilo_paket-zacimbnih-mesanic\">\n\t\t<img loading=\"lazy\" decoding=\"async\" width=\"500\" height=\"500\" src=\"https:\/\/kuhar-jaka.si\/e-shop\/wp-content\/uploads\/2017\/11\/Nova-naslovnica_mala-500x500.jpg\" class=\"attachment-woocommerce_thumbnail size-woocommerce_thumbnail\" alt=\"\" srcset=\"https:\/\/kuhar-jaka.si\/e-shop\/wp-content\/uploads\/2017\/11\/Nova-naslovnica_mala-500x500.jpg 500w, https:\/\/kuhar-jaka.si\/e-shop\/wp-content\/uploads\/2017\/11\/Nova-naslovnica_mala-100x100.jpg 100w, https:\/\/kuhar-jaka.si\/e-shop\/wp-content\/uploads\/2017\/11\/Nova-naslovnica_mala-150x150.jpg 150w\" sizes=\"auto, (max-width: 500px) 85vw, 500px\" \/>\t\t<span class=\"product-title\">AKCIJA 1 &#8211; Naro\u010di kuharsko knjigo ter prejmi paket za\u010dimbnih me\u0161anic brezpla\u010dno!<\/span>\n\t<\/a>\n\n\t\t\t\t\n\t<del aria-hidden=\"true\"><span class=\"woocommerce-Price-amount amount\"><bdi><span class=\"woocommerce-Price-currencySymbol\">&euro;<\/span>41,50<\/bdi><\/span><\/del> <ins><span class=\"woocommerce-Price-amount amount\"><bdi><span class=\"woocommerce-Price-currencySymbol\">&euro;<\/span>29,90<\/bdi><\/span><\/ins>\n\t<\/li>\n<li>\n\t\n\t<a href=\"https:\/\/kuhar-jaka.si\/e-shop\/izdelek\/kupis_dve_dve_ti_podarimo\">\n\t\t<img loading=\"lazy\" decoding=\"async\" width=\"443\" height=\"500\" src=\"https:\/\/kuhar-jaka.si\/e-shop\/wp-content\/uploads\/2015\/04\/Zacimbni-mix-443x500.jpg\" class=\"attachment-woocommerce_thumbnail size-woocommerce_thumbnail\" alt=\"\" \/>\t\t<span class=\"product-title\">NOVO PAKIRANJE_ZA\u010cIMBNI MIX &#8211; KUHAR JAKA<\/span>\n\t<\/a>\n\n\t\t\t\t\n\t<del aria-hidden=\"true\"><span class=\"woocommerce-Price-amount amount\"><bdi><span class=\"woocommerce-Price-currencySymbol\">&euro;<\/span>14,00<\/bdi><\/span><\/del> <ins><span class=\"woocommerce-Price-amount amount\"><bdi><span class=\"woocommerce-Price-currencySymbol\">&euro;<\/span>12,90<\/bdi><\/span><\/ins>\n\t<\/li>\n<li>\n\t\n\t<a href=\"https:\/\/kuhar-jaka.si\/e-shop\/izdelek\/novoletna_akcija\">\n\t\t<img loading=\"lazy\" decoding=\"async\" width=\"500\" height=\"500\" src=\"https:\/\/kuhar-jaka.si\/e-shop\/wp-content\/uploads\/2017\/11\/Nova-naslovnica_mala-500x500.jpg\" class=\"attachment-woocommerce_thumbnail size-woocommerce_thumbnail\" alt=\"\" srcset=\"https:\/\/kuhar-jaka.si\/e-shop\/wp-content\/uploads\/2017\/11\/Nova-naslovnica_mala-500x500.jpg 500w, https:\/\/kuhar-jaka.si\/e-shop\/wp-content\/uploads\/2017\/11\/Nova-naslovnica_mala-100x100.jpg 100w, https:\/\/kuhar-jaka.si\/e-shop\/wp-content\/uploads\/2017\/11\/Nova-naslovnica_mala-150x150.jpg 150w\" sizes=\"auto, (max-width: 500px) 85vw, 500px\" \/>\t\t<span class=\"product-title\">AKCIJA2:  -17%  POPUSTA NA KUHARSKO KNJIGO<\/span>\n\t<\/a>\n\n\t\t\t\t\n\t<del aria-hidden=\"true\"><span class=\"woocommerce-Price-amount amount\"><bdi><span class=\"woocommerce-Price-currencySymbol\">&euro;<\/span>29,90<\/bdi><\/span><\/del> <ins><span class=\"woocommerce-Price-amount amount\"><bdi><span class=\"woocommerce-Price-currencySymbol\">&euro;<\/span>24,90<\/bdi><\/span><\/ins>\n\t<\/li>\n<\/ul><\/div><div id=\"panel-gb366-69e1549f03ad5-0-0-1\" class=\"so-panel widget widget_woocommerce_product_search woocommerce widget_product_search\" data-index=\"1\" >\r\n\r\r\n<form role=\"search\" method=\"get\" class=\"woocommerce-product-search\" action=\"https:\/\/kuhar-jaka.si\/e-shop\/\">\r\r\n    <label class=\"screen-reader-text\" for=\"woocommerce-product-search-field-0\">Search for:<\/label>\r\r\n    <input type=\"search\" id=\"woocommerce-product-search-field-0\" class=\"search-field\" placeholder=\"Search products\" value=\"\" name=\"s\" \/>\r\r\n    <input type=\"submit\" value=\"...\" \/>\r\r\n    <input type=\"hidden\" name=\"post_type\" value=\"product\" \/>\r\r\n<\/form>\r\r\n<\/div><div id=\"panel-gb366-69e1549f03ad5-0-0-2\" class=\"so-panel widget widget_sow-video panel-last-child\" data-index=\"2\" ><div\n\t\t\t\n\t\t\tclass=\"so-widget-sow-video so-widget-sow-video-base\"\n\t\t\t\n\t\t><h3 class=\"widget-title\">KUHAR JAKA V \u017dIVO<\/h3>\n<div class=\"sow-video-wrapper\">\n\t\t\t<iframe loading=\"lazy\" title=\"Carska  solata\" width=\"840\" height=\"473\" src=\"https:\/\/www.youtube.com\/embed\/iogK2GlM06Q?feature=oembed\" frameborder=\"0\" allow=\"accelerometer; autoplay; clipboard-write; encrypted-media; gyroscope; picture-in-picture; web-share\" referrerpolicy=\"strict-origin-when-cross-origin\" allowfullscreen><\/iframe>\t<\/div>\n<\/div><\/div><\/div><\/div><\/div>","protected":false},"excerpt":{"rendered":"","protected":false},"author":1,"featured_media":0,"parent":0,"menu_order":0,"comment_status":"closed","ping_status":"closed","template":"","meta":{"footnotes":""},"class_list":["post-366","page","type-page","status-publish","hentry"],"_links":{"self":[{"href":"https:\/\/kuhar-jaka.si\/e-shop\/wp-json\/wp\/v2\/pages\/366","targetHints":{"allow":["GET"]}}],"collection":[{"href":"https:\/\/kuhar-jaka.si\/e-shop\/wp-json\/wp\/v2\/pages"}],"about":[{"href":"https:\/\/kuhar-jaka.si\/e-shop\/wp-json\/wp\/v2\/types\/page"}],"author":[{"embeddable":true,"href":"https:\/\/kuhar-jaka.si\/e-shop\/wp-json\/wp\/v2\/users\/1"}],"replies":[{"embeddable":true,"href":"https:\/\/kuhar-jaka.si\/e-shop\/wp-json\/wp\/v2\/comments?post=366"}],"version-history":[{"count":5,"href":"https:\/\/kuhar-jaka.si\/e-shop\/wp-json\/wp\/v2\/pages\/366\/revisions"}],"predecessor-version":[{"id":13214,"href":"https:\/\/kuhar-jaka.si\/e-shop\/wp-json\/wp\/v2\/pages\/366\/revisions\/13214"}],"wp:attachment":[{"href":"https:\/\/kuhar-jaka.si\/e-shop\/wp-json\/wp\/v2\/media?parent=366"}],"curies":[{"name":"wp","href":"https:\/\/api.w.org\/{rel}","templated":true}]}}